{"id":6269,"date":"2014-11-01T20:12:30","date_gmt":"2014-11-01T20:12:30","guid":{"rendered":"https:\/\/www.nstyleintl.ca\/?page_id=6269"},"modified":"2020-07-19T18:31:41","modified_gmt":"2020-07-19T18:31:41","slug":"peducure-montreal","status":"publish","type":"page","link":"https:\/\/www.nstyleintl.ca\/fr\/services\/soins-des-ongles\/peducure-montreal\/","title":{"rendered":"PEDUCURE MONTREAL"},"content":{"rendered":"<p>[et_pb_section fb_built=\u00a0\u00bb1&Prime; fullwidth=\u00a0\u00bbon\u00a0\u00bb _builder_version=\u00a0\u00bb3.22&Prime;][et_pb_fullwidth_header title=\u00a0\u00bbP\u00c9DICURE\u00a0\u00bb text_orientation=\u00a0\u00bbcenter\u00a0\u00bb button_one_text=\u00a0\u00bbPrenez rendez-vous\u00a0\u00bb button_one_url=\u00a0\u00bbhttps:\/\/app.shedul.com\/online_bookings\/18822\/link\u00a0\u00bb background_overlay_color=\u00a0\u00bbrgba(0,0,0,0.3)\u00a0\u00bb disabled_on=\u00a0\u00bboff|off|\u00a0\u00bb module_id=\u00a0\u00bbfull-header-newwindow\u00a0\u00bb _builder_version=\u00a0\u00bb4.0.6&Prime; title_font_size=\u00a0\u00bb52px\u00a0\u00bb subhead_font=\u00a0\u00bbOpen Sans Light||||\u00a0\u00bb subhead_font_size=\u00a0\u00bb24px\u00a0\u00bb background_color=\u00a0\u00bbrgba(255, 255, 255, 0)\u00a0\u00bb background_image=\u00a0\u00bbhttps:\/\/www.nstyleintl.ca\/wp-content\/uploads\/2014\/11\/Pedicure_MONTREAL.jpg\u00a0\u00bb custom_button_one=\u00a0\u00bbon\u00a0\u00bb button_one_border_width=\u00a0\u00bb1&Prime; max_width_tablet=\u00a0\u00bb50px\u00a0\u00bb custom_padding=\u00a0\u00bb160px||160px||false|false\u00a0\u00bb custom_padding_tablet=\u00a0\u00bb80px||80px||false|false\u00a0\u00bb custom_padding_phone=\u00a0\u00bb40px||40px||false|false\u00a0\u00bb custom_padding_last_edited=\u00a0\u00bbon|phone\u00a0\u00bb title_font_size_tablet=\u00a0\u00bb\u00a0\u00bb title_font_size_phone=\u00a0\u00bb\u00a0\u00bb title_font_size_last_edited=\u00a0\u00bbon|desktop\u00a0\u00bb subhead_font_size_tablet=\u00a0\u00bb\u00a0\u00bb subhead_font_size_phone=\u00a0\u00bb18px\u00a0\u00bb subhead_font_size_last_edited=\u00a0\u00bbon|phone\u00a0\u00bb button_one_letter_spacing_hover=\u00a0\u00bb0&Prime; button_two_letter_spacing_hover=\u00a0\u00bb0&Prime; button_one_bg_color_hover=\u00a0\u00bb#bf1900&Prime; background_url=\u00a0\u00bbhttps:\/\/www.nstyleintl.ca\/wp-content\/uploads\/2014\/11\/Eyelash_Extensions-Montreal.jpg\u00a0\u00bb saved_tabs=\u00a0\u00bball\u00a0\u00bb button_one_text_size__hover_enabled=\u00a0\u00bboff\u00a0\u00bb button_two_text_size__hover_enabled=\u00a0\u00bboff\u00a0\u00bb button_one_text_color__hover_enabled=\u00a0\u00bboff\u00a0\u00bb button_two_text_color__hover_enabled=\u00a0\u00bboff\u00a0\u00bb button_one_border_width__hover_enabled=\u00a0\u00bboff\u00a0\u00bb button_two_border_width__hover_enabled=\u00a0\u00bboff\u00a0\u00bb button_one_border_color__hover_enabled=\u00a0\u00bboff\u00a0\u00bb button_two_border_color__hover_enabled=\u00a0\u00bboff\u00a0\u00bb button_one_border_radius__hover_enabled=\u00a0\u00bboff\u00a0\u00bb button_two_border_radius__hover_enabled=\u00a0\u00bboff\u00a0\u00bb button_one_letter_spacing__hover_enabled=\u00a0\u00bbon\u00a0\u00bb button_one_letter_spacing__hover=\u00a0\u00bb0&Prime; button_two_letter_spacing__hover_enabled=\u00a0\u00bbon\u00a0\u00bb button_two_letter_spacing__hover=\u00a0\u00bb0&Prime; button_one_bg_color__hover_enabled=\u00a0\u00bbon\u00a0\u00bb button_one_bg_color__hover=\u00a0\u00bb#bf1900&Prime; button_two_bg_color__hover_enabled=\u00a0\u00bboff\u00a0\u00bb][\/et_pb_fullwidth_header][\/et_pb_section][et_pb_section fb_built=\u00a0\u00bb1&Prime; disabled_on=\u00a0\u00bb|on|on\u00a0\u00bb _builder_version=\u00a0\u00bb3.22&Prime; background_color=\u00a0\u00bb#ffffff\u00a0\u00bb][et_pb_row column_structure=\u00a0\u00bb1_2,1_2&Prime; _builder_version=\u00a0\u00bb3.25&Prime;][et_pb_column type=\u00a0\u00bb1_2&Prime; _builder_version=\u00a0\u00bb3.25&Prime; custom_padding=\u00a0\u00bb|||\u00a0\u00bb custom_css_main_element=\u00a0\u00bbmargin-right: 2.5%;||width: 47.25% !important;||margin-bottom:0px !important;\u00a0\u00bb custom_padding__hover=\u00a0\u00bb|||\u00a0\u00bb][et_pb_button button_url=\u00a0\u00bbtel:+1%20514%20849%205777&Prime; button_text=\u00a0\u00bbAppelez\u00a0\u00bb button_alignment=\u00a0\u00bbcenter\u00a0\u00bb module_class=\u00a0\u00bbbtn-mobile-shadow\u00a0\u00bb _builder_version=\u00a0\u00bb3.16&Prime; custom_button=\u00a0\u00bbon\u00a0\u00bb button_text_color=\u00a0\u00bb#ffffff\u00a0\u00bb button_bg_color=\u00a0\u00bb#e34837&Prime; button_border_width=\u00a0\u00bb0&Prime; button_border_radius=\u00a0\u00bb0&Prime; button_icon=\u00a0\u00bb%%264%%\u00a0\u00bb button_icon_color=\u00a0\u00bb#ffffff\u00a0\u00bb button_icon_placement=\u00a0\u00bbleft\u00a0\u00bb button_on_hover=\u00a0\u00bboff\u00a0\u00bb background_layout=\u00a0\u00bbdark\u00a0\u00bb custom_css_main_element=\u00a0\u00bbwidth: 100%;\u00a0\u00bb button_letter_spacing_hover=\u00a0\u00bb0&Prime; button_text_size__hover_enabled=\u00a0\u00bboff\u00a0\u00bb button_one_text_size__hover_enabled=\u00a0\u00bboff\u00a0\u00bb button_two_text_size__hover_enabled=\u00a0\u00bboff\u00a0\u00bb button_text_color__hover_enabled=\u00a0\u00bboff\u00a0\u00bb button_one_text_color__hover_enabled=\u00a0\u00bboff\u00a0\u00bb button_two_text_color__hover_enabled=\u00a0\u00bboff\u00a0\u00bb button_border_width__hover_enabled=\u00a0\u00bboff\u00a0\u00bb button_one_border_width__hover_enabled=\u00a0\u00bboff\u00a0\u00bb button_two_border_width__hover_enabled=\u00a0\u00bboff\u00a0\u00bb button_border_color__hover_enabled=\u00a0\u00bboff\u00a0\u00bb button_one_border_color__hover_enabled=\u00a0\u00bboff\u00a0\u00bb button_two_border_color__hover_enabled=\u00a0\u00bboff\u00a0\u00bb button_border_radius__hover_enabled=\u00a0\u00bboff\u00a0\u00bb button_one_border_radius__hover_enabled=\u00a0\u00bboff\u00a0\u00bb button_two_border_radius__hover_enabled=\u00a0\u00bboff\u00a0\u00bb button_letter_spacing__hover_enabled=\u00a0\u00bbon\u00a0\u00bb button_letter_spacing__hover=\u00a0\u00bb0&Prime; button_one_letter_spacing__hover_enabled=\u00a0\u00bboff\u00a0\u00bb button_two_letter_spacing__hover_enabled=\u00a0\u00bboff\u00a0\u00bb button_bg_color__hover_enabled=\u00a0\u00bboff\u00a0\u00bb button_one_bg_color__hover_enabled=\u00a0\u00bboff\u00a0\u00bb button_two_bg_color__hover_enabled=\u00a0\u00bboff\u00a0\u00bb][\/et_pb_button][\/et_pb_column][et_pb_column type=\u00a0\u00bb1_2&Prime; _builder_version=\u00a0\u00bb3.25&Prime; custom_padding=\u00a0\u00bb|||\u00a0\u00bb custom_css_main_element=\u00a0\u00bbmargin-right: 2.5%;||width: 47.25% !important;||margin-bottom:0px !important;\u00a0\u00bb custom_padding__hover=\u00a0\u00bb|||\u00a0\u00bb][et_pb_button button_url=\u00a0\u00bbhttps:\/\/www.google.com\/maps?q=1500+Avenue+McGill+College,+Montr%C3%A9al,+QC+H3A+3J5,+Canada()&#038;sll=45.501997,-73.572292&Prime; button_text=\u00a0\u00bbDirections\u00a0\u00bb button_alignment=\u00a0\u00bbcenter\u00a0\u00bb module_class=\u00a0\u00bbbtn-mobile-shadow\u00a0\u00bb _builder_version=\u00a0\u00bb3.16&Prime; custom_button=\u00a0\u00bbon\u00a0\u00bb button_text_color=\u00a0\u00bb#ffffff\u00a0\u00bb button_bg_color=\u00a0\u00bb#e34837&Prime; button_border_width=\u00a0\u00bb0&Prime; button_border_radius=\u00a0\u00bb0&Prime; button_icon=\u00a0\u00bb%%264%%\u00a0\u00bb button_icon_color=\u00a0\u00bb#ffffff\u00a0\u00bb button_icon_placement=\u00a0\u00bbleft\u00a0\u00bb button_on_hover=\u00a0\u00bboff\u00a0\u00bb background_layout=\u00a0\u00bbdark\u00a0\u00bb custom_css_main_element=\u00a0\u00bbwidth: 100%;\u00a0\u00bb button_letter_spacing_hover=\u00a0\u00bb0&Prime; button_text_size__hover_enabled=\u00a0\u00bboff\u00a0\u00bb button_one_text_size__hover_enabled=\u00a0\u00bboff\u00a0\u00bb button_two_text_size__hover_enabled=\u00a0\u00bboff\u00a0\u00bb button_text_color__hover_enabled=\u00a0\u00bboff\u00a0\u00bb button_one_text_color__hover_enabled=\u00a0\u00bboff\u00a0\u00bb button_two_text_color__hover_enabled=\u00a0\u00bboff\u00a0\u00bb button_border_width__hover_enabled=\u00a0\u00bboff\u00a0\u00bb button_one_border_width__hover_enabled=\u00a0\u00bboff\u00a0\u00bb button_two_border_width__hover_enabled=\u00a0\u00bboff\u00a0\u00bb button_border_color__hover_enabled=\u00a0\u00bboff\u00a0\u00bb button_one_border_color__hover_enabled=\u00a0\u00bboff\u00a0\u00bb button_two_border_color__hover_enabled=\u00a0\u00bboff\u00a0\u00bb button_border_radius__hover_enabled=\u00a0\u00bboff\u00a0\u00bb button_one_border_radius__hover_enabled=\u00a0\u00bboff\u00a0\u00bb button_two_border_radius__hover_enabled=\u00a0\u00bboff\u00a0\u00bb button_letter_spacing__hover_enabled=\u00a0\u00bbon\u00a0\u00bb button_letter_spacing__hover=\u00a0\u00bb0&Prime; button_one_letter_spacing__hover_enabled=\u00a0\u00bboff\u00a0\u00bb button_two_letter_spacing__hover_enabled=\u00a0\u00bboff\u00a0\u00bb button_bg_color__hover_enabled=\u00a0\u00bboff\u00a0\u00bb button_one_bg_color__hover_enabled=\u00a0\u00bboff\u00a0\u00bb button_two_bg_color__hover_enabled=\u00a0\u00bboff\u00a0\u00bb][\/et_pb_button][\/et_pb_column][\/et_pb_row][\/et_pb_section][et_pb_section fb_built=\u00a0\u00bb1&Prime; admin_label=\u00a0\u00bbsection\u00a0\u00bb module_id=\u00a0\u00bbred_boxes\u00a0\u00bb _builder_version=\u00a0\u00bb3.22&Prime; background_color=\u00a0\u00bb#f7f6f7&Prime; transparent_background=\u00a0\u00bboff\u00a0\u00bb][et_pb_row column_structure=\u00a0\u00bb1_4,3_4&Prime; admin_label=\u00a0\u00bbrow\u00a0\u00bb _builder_version=\u00a0\u00bb3.25&Prime; background_size=\u00a0\u00bbinitial\u00a0\u00bb background_position=\u00a0\u00bbtop_left\u00a0\u00bb background_repeat=\u00a0\u00bbrepeat\u00a0\u00bb][et_pb_column type=\u00a0\u00bb1_4&Prime; _builder_version=\u00a0\u00bb3.25&Prime; custom_padding=\u00a0\u00bb|||\u00a0\u00bb custom_padding__hover=\u00a0\u00bb|||\u00a0\u00bb][et_pb_image src=\u00a0\u00bbhttps:\/\/www.nstyleintl.ca\/wp-content\/uploads\/2014\/11\/nail-logos-sidemenu-1.png\u00a0\u00bb align_tablet=\u00a0\u00bbcenter\u00a0\u00bb align_phone=\u00a0\u00bb\u00a0\u00bb align_last_edited=\u00a0\u00bbon|desktop\u00a0\u00bb disabled_on=\u00a0\u00bbon|on|\u00a0\u00bb _builder_version=\u00a0\u00bb3.23&Prime; border_style=\u00a0\u00bbsolid\u00a0\u00bb always_center_on_mobile=\u00a0\u00bbon\u00a0\u00bb][\/et_pb_image][\/et_pb_column][et_pb_column type=\u00a0\u00bb3_4&Prime; _builder_version=\u00a0\u00bb3.25&Prime; custom_padding=\u00a0\u00bb|||\u00a0\u00bb custom_padding__hover=\u00a0\u00bb|||\u00a0\u00bb][et_pb_text module_class=\u00a0\u00bbcustom-paragraph\u00a0\u00bb _builder_version=\u00a0\u00bb3.27.4&Prime; background_size=\u00a0\u00bbinitial\u00a0\u00bb background_position=\u00a0\u00bbtop_left\u00a0\u00bb background_repeat=\u00a0\u00bbrepeat\u00a0\u00bb module_alignment=\u00a0\u00bbleft\u00a0\u00bb use_border_color=\u00a0\u00bboff\u00a0\u00bb border_color=\u00a0\u00bb#ffffff\u00a0\u00bb border_style=\u00a0\u00bbsolid\u00a0\u00bb]<\/p>\n<h2>MENU DU SERVICE DE P\u00c9DICURE<\/h2>\n<p>Nos services de p\u00e9dicures inclus notre p\u00e9dicure r\u00e9guli\u00e8re, le Shellac de CND et les p\u00e9dicures luxueuses de spa. Notre fameuse p\u00e9dicure Soho Deeply Delux est un plaisir pour tous types de pieds incluant ceux avec des calus. Tous nos p\u00e9dicures viennent avec la couleur de votre choix! Dans nos choix de vernis, nous offrons notre meilleur vendeur le Vinylux de CND qui est d\u2019une dur\u00e9e de 7 jours, le vernis en prime NStyle (vient en 250 diff\u00e9rentes couleurs), et le vernis OPI. De plus, nous avons le vernis UV Shellac de CND qui donne l\u2019ultime \u00e9clat et la meilleure durabilit\u00e9.<br \/>\n[\/et_pb_text][et_pb_accordion closed_toggle_text_color=\u00a0\u00bb#000000&Prime; closed_toggle_background_color=\u00a0\u00bb#f7f6f7&Prime; admin_label=\u00a0\u00bbPEDICURES\u00a0\u00bb _builder_version=\u00a0\u00bb3.4.1&Prime; toggle_font=\u00a0\u00bbOpen Sans Light||||\u00a0\u00bb toggle_font_size=\u00a0\u00bb17&Prime; body_font=\u00a0\u00bbOpen Sans||||\u00a0\u00bb body_font_size=\u00a0\u00bb16&Prime; border_color_all=\u00a0\u00bb#f7f6f7&Prime; use_border_color=\u00a0\u00bbon\u00a0\u00bb][et_pb_accordion_item title=\u00a0\u00bbP\u00c9DICURE CLASSIQUE (30 min) &#8211; 45$\u00a0\u00bb open=\u00a0\u00bboff\u00a0\u00bb _builder_version=\u00a0\u00bb3.4.1&Prime;]<\/p>\n<p>Notre p\u00e9dicure classique des orteils jusqu\u2019au talons sans tracas. Les ongles form\u00e9s, tremp\u00e9s dans des produits avec vitamines, nettoy\u00e9s, mass\u00e9s et polis \u00e0 la perfection.<\/p>\n<p>[\/et_pb_accordion_item][et_pb_accordion_item title=\u00a0\u00bbP\u00c9DICURE FRAN\u00c7AISE (30 min) &#8211; 50$\u00a0\u00bb _builder_version=\u00a0\u00bb3.4.1&Prime; open=\u00a0\u00bboff\u00a0\u00bb]<\/p>\n<p>Notre p\u00e9dicure fran\u00e7aise classique des orteils jusqu\u2019au talons sans tracas. Les ongles form\u00e9s, tremp\u00e9s dans des produits avec vitamines, nettoy\u00e9s, mass\u00e9s et polis \u00e0 la perfection.\u00a0<\/p>\n<p>[\/et_pb_accordion_item][et_pb_accordion_item title=\u00a0\u00bbP\u00c9DICURE SHELLAC EN COULEUR (60 min) &#8211; 60$\u00a0\u00bb _builder_version=\u00a0\u00bb3.4.1&Prime; open=\u00a0\u00bboff\u00a0\u00bb]<\/p>\n<p>Offrez-vous des ongles magnifiques vernis d\u2019un \u00e9clat qui dure 14 jours. Le <a title=\"CND Shellac\" href=\"http:\/\/www.cnd.com\/\" target=\"_blank\" rel=\"noopener noreferrer\">Shellac<\/a> jumelle tous les avantages d\u2019un vernis \u00e0 ongle et d\u2019un gel, il est mince et assez r\u00e9sistant pour \u00eatre appliqu\u00e9 comme un vernis \u00e0 ongles avec un maximum de durabilit\u00e9 et de flexibilit\u00e9\u00a0<\/p>\n<p>[\/et_pb_accordion_item][et_pb_accordion_item title=\u00a0\u00bbP\u00c9DICURE SHELLAC FRAN\u00c7AISE (60 min) &#8211; 65$\u00a0\u00bb _builder_version=\u00a0\u00bb3.4.1&Prime; open=\u00a0\u00bboff\u00a0\u00bb]<\/p>\n<p>Offrez-vous des ongles magnifiques vernis d\u2019un \u00e9clat qui dure 14 jours. Le <a title=\"CND Shellac\" href=\"http:\/\/www.cnd.com\/\" target=\"_blank\" rel=\"noopener noreferrer\">Shellac<\/a> jumelle tous les avantages d\u2019un vernis \u00e0 ongle et d\u2019un gel, il est mince et assez r\u00e9sistant pour \u00eatre appliqu\u00e9 comme un vernis \u00e0 ongles avec un maximum de durabilit\u00e9 et de flexibilit\u00e9.\u00a0<\/p>\n<p>[\/et_pb_accordion_item][et_pb_accordion_item title=\u00a0\u00bbP\u00c9DICURE PARAFFINE C\u00c9LESTE (60 min) &#8211; 60$\u00a0\u00bb _builder_version=\u00a0\u00bb3.4.1&Prime; open=\u00a0\u00bboff\u00a0\u00bb]<\/p>\n<p>Un traitement prodigieux pour les pieds endoloris, rugueux et avec calus. D\u00e9tendez vous et laissez nous apaiser vos pieds avec une huile de p\u00e9pins de raisin antioxydante, pour ensuite les envelopper de paraffine ti\u00e8de infus\u00e9e de canneberge et les sceller dans des chaussons chauffants. Un v\u00e9ritable miracle super hydratant.\u00a0<\/p>\n<p>[\/et_pb_accordion_item][et_pb_accordion_item title=\u00a0\u00bbTRAITEMENT LUXUEUX INTENSE SOHO P\u00c9DICURE (60 min) &#8211; 70$\u00a0\u00bb _builder_version=\u00a0\u00bb3.4.1&Prime; open=\u00a0\u00bbon\u00a0\u00bb]<\/p>\n<p>Ce traitement est un plaisir absolu pour les pieds. Vos pieds sont tremp\u00e9s dans une bain de miel et de lait, pour ensuite \u00eatre exfoli\u00e9s et polis avec un gommage noisette et sucre afin d\u2019\u00e9liminer les toxines et\u00a0 les callosit\u00e9s. Les pieds sont envelopp\u00e9s d\u2019un masque aux pommes et \u00e0 l\u2019avoine. Un hydratant apaisant est finalement appliqu\u00e9 pour une touche finale douce et soyeuse.<\/p>\n<p>[\/et_pb_accordion_item][\/et_pb_accordion][\/et_pb_column][\/et_pb_row][\/et_pb_section]<\/p>\n","protected":false},"excerpt":{"rendered":"<p>MENU DU SERVICE DE P\u00c9DICURE Nos services de p\u00e9dicures inclus notre p\u00e9dicure r\u00e9guli\u00e8re, le Shellac de CND et les p\u00e9dicures luxueuses de spa. Notre fameuse p\u00e9dicure Soho Deeply Delux est un plaisir pour tous types de pieds incluant ceux avec des calus. Tous nos p\u00e9dicures viennent avec la couleur de votre choix! Dans nos choix [&hellip;]<\/p>\n","protected":false},"author":1,"featured_media":0,"parent":6287,"menu_order":0,"comment_status":"closed","ping_status":"closed","template":"","meta":{"_et_pb_use_builder":"on","_et_pb_old_content":"","_et_gb_content_width":"","footnotes":""},"class_list":["post-6269","page","type-page","status-publish","hentry"],"yoast_head":"<!-- This site is optimized with the Yoast SEO plugin v27.5 - https:\/\/yoast.com\/product\/yoast-seo-wordpress\/ -->\n<title>Peducure Montreal Centre-Ville | NStyle Beauty Lounge<\/title>\n<meta name=\"robots\" content=\"index, follow, max-snippet:-1, max-image-preview:large, max-video-preview:-1\" \/>\n<link rel=\"canonical\" href=\"https:\/\/www.nstyleintl.ca\/fr\/services\/soins-des-ongles\/peducure-montreal\/\" \/>\n<meta property=\"og:locale\" content=\"fr_FR\" \/>\n<meta property=\"og:type\" content=\"article\" \/>\n<meta property=\"og:title\" content=\"Peducure Montreal Centre-Ville | NStyle Beauty Lounge\" \/>\n<meta property=\"og:description\" content=\"MENU DU SERVICE DE P\u00c9DICURE Nos services de p\u00e9dicures inclus notre p\u00e9dicure r\u00e9guli\u00e8re, le Shellac de CND et les p\u00e9dicures luxueuses de spa. Notre fameuse p\u00e9dicure Soho Deeply Delux est un plaisir pour tous types de pieds incluant ceux avec des calus. Tous nos p\u00e9dicures viennent avec la couleur de votre choix! Dans nos choix [&hellip;]\" \/>\n<meta property=\"og:url\" content=\"https:\/\/www.nstyleintl.ca\/fr\/services\/soins-des-ongles\/peducure-montreal\/\" \/>\n<meta property=\"og:site_name\" content=\"NStyle Beauty Lounge\" \/>\n<meta property=\"article:publisher\" content=\"https:\/\/www.facebook.com\/NStyleNailLoungeCanada\" \/>\n<meta property=\"article:modified_time\" content=\"2020-07-19T18:31:41+00:00\" \/>\n<meta name=\"twitter:card\" content=\"summary_large_image\" \/>\n<meta name=\"twitter:site\" content=\"@nstylecanada\" \/>\n<meta name=\"twitter:label1\" content=\"Dur\u00e9e de lecture estim\u00e9e\" \/>\n\t<meta name=\"twitter:data1\" content=\"8 minutes\" \/>\n<script type=\"application\/ld+json\" class=\"yoast-schema-graph\">{\"@context\":\"https:\\\/\\\/schema.org\",\"@graph\":[{\"@type\":\"WebPage\",\"@id\":\"https:\\\/\\\/www.nstyleintl.ca\\\/fr\\\/services\\\/soins-des-ongles\\\/peducure-montreal\\\/\",\"url\":\"https:\\\/\\\/www.nstyleintl.ca\\\/fr\\\/services\\\/soins-des-ongles\\\/peducure-montreal\\\/\",\"name\":\"Peducure Montreal Centre-Ville | NStyle Beauty Lounge\",\"isPartOf\":{\"@id\":\"https:\\\/\\\/www.nstyleintl.ca\\\/fr\\\/#website\"},\"datePublished\":\"2014-11-01T20:12:30+00:00\",\"dateModified\":\"2020-07-19T18:31:41+00:00\",\"breadcrumb\":{\"@id\":\"https:\\\/\\\/www.nstyleintl.ca\\\/fr\\\/services\\\/soins-des-ongles\\\/peducure-montreal\\\/#breadcrumb\"},\"inLanguage\":\"fr-FR\",\"potentialAction\":[{\"@type\":\"ReadAction\",\"target\":[\"https:\\\/\\\/www.nstyleintl.ca\\\/fr\\\/services\\\/soins-des-ongles\\\/peducure-montreal\\\/\"]}]},{\"@type\":\"BreadcrumbList\",\"@id\":\"https:\\\/\\\/www.nstyleintl.ca\\\/fr\\\/services\\\/soins-des-ongles\\\/peducure-montreal\\\/#breadcrumb\",\"itemListElement\":[{\"@type\":\"ListItem\",\"position\":1,\"name\":\"Home\",\"item\":\"https:\\\/\\\/www.nstyleintl.ca\\\/fr\\\/\"},{\"@type\":\"ListItem\",\"position\":2,\"name\":\"Services\",\"item\":\"https:\\\/\\\/www.nstyleintl.ca\\\/fr\\\/services\\\/\"},{\"@type\":\"ListItem\",\"position\":3,\"name\":\"soins des ongles\",\"item\":\"https:\\\/\\\/www.nstyleintl.ca\\\/fr\\\/services\\\/soins-des-ongles\\\/\"},{\"@type\":\"ListItem\",\"position\":4,\"name\":\"PEDUCURE MONTREAL\"}]},{\"@type\":\"WebSite\",\"@id\":\"https:\\\/\\\/www.nstyleintl.ca\\\/fr\\\/#website\",\"url\":\"https:\\\/\\\/www.nstyleintl.ca\\\/fr\\\/\",\"name\":\"NStyle Beauty Lounge\",\"description\":\"Nail Salon and Spa in downtown Montreal!\",\"publisher\":{\"@id\":\"https:\\\/\\\/www.nstyleintl.ca\\\/fr\\\/#organization\"},\"potentialAction\":[{\"@type\":\"SearchAction\",\"target\":{\"@type\":\"EntryPoint\",\"urlTemplate\":\"https:\\\/\\\/www.nstyleintl.ca\\\/fr\\\/?s={search_term_string}\"},\"query-input\":{\"@type\":\"PropertyValueSpecification\",\"valueRequired\":true,\"valueName\":\"search_term_string\"}}],\"inLanguage\":\"fr-FR\"},{\"@type\":\"Organization\",\"@id\":\"https:\\\/\\\/www.nstyleintl.ca\\\/fr\\\/#organization\",\"name\":\"NStyle Beauty Lounge\",\"url\":\"https:\\\/\\\/www.nstyleintl.ca\\\/fr\\\/\",\"logo\":{\"@type\":\"ImageObject\",\"inLanguage\":\"fr-FR\",\"@id\":\"https:\\\/\\\/www.nstyleintl.ca\\\/fr\\\/#\\\/schema\\\/logo\\\/image\\\/\",\"url\":\"https:\\\/\\\/www.nstyleintl.ca\\\/wp-content\\\/uploads\\\/2018\\\/12\\\/Nail-Salons-Montreal.png\",\"contentUrl\":\"https:\\\/\\\/www.nstyleintl.ca\\\/wp-content\\\/uploads\\\/2018\\\/12\\\/Nail-Salons-Montreal.png\",\"width\":1920,\"height\":1119,\"caption\":\"NStyle Beauty Lounge\"},\"image\":{\"@id\":\"https:\\\/\\\/www.nstyleintl.ca\\\/fr\\\/#\\\/schema\\\/logo\\\/image\\\/\"},\"sameAs\":[\"https:\\\/\\\/www.facebook.com\\\/NStyleNailLoungeCanada\",\"https:\\\/\\\/x.com\\\/nstylecanada\",\"https:\\\/\\\/www.instagram.com\\\/nstylecanada\\\/\",\"https:\\\/\\\/ca.linkedin.com\\\/company\\\/nstyle-nail-lounge\",\"https:\\\/\\\/www.pinterest.ca\\\/nstylecanada\\\/\",\"https:\\\/\\\/www.youtube.com\\\/channel\\\/UChHojyyjjqAtxDlKA75a_fQ\"]}]}<\/script>\n<!-- \/ Yoast SEO plugin. -->","yoast_head_json":{"title":"Peducure Montreal Centre-Ville | NStyle Beauty Lounge","robots":{"index":"index","follow":"follow","max-snippet":"max-snippet:-1","max-image-preview":"max-image-preview:large","max-video-preview":"max-video-preview:-1"},"canonical":"https:\/\/www.nstyleintl.ca\/fr\/services\/soins-des-ongles\/peducure-montreal\/","og_locale":"fr_FR","og_type":"article","og_title":"Peducure Montreal Centre-Ville | NStyle Beauty Lounge","og_description":"MENU DU SERVICE DE P\u00c9DICURE Nos services de p\u00e9dicures inclus notre p\u00e9dicure r\u00e9guli\u00e8re, le Shellac de CND et les p\u00e9dicures luxueuses de spa. Notre fameuse p\u00e9dicure Soho Deeply Delux est un plaisir pour tous types de pieds incluant ceux avec des calus. Tous nos p\u00e9dicures viennent avec la couleur de votre choix! Dans nos choix [&hellip;]","og_url":"https:\/\/www.nstyleintl.ca\/fr\/services\/soins-des-ongles\/peducure-montreal\/","og_site_name":"NStyle Beauty Lounge","article_publisher":"https:\/\/www.facebook.com\/NStyleNailLoungeCanada","article_modified_time":"2020-07-19T18:31:41+00:00","twitter_card":"summary_large_image","twitter_site":"@nstylecanada","twitter_misc":{"Dur\u00e9e de lecture estim\u00e9e":"8 minutes"},"schema":{"@context":"https:\/\/schema.org","@graph":[{"@type":"WebPage","@id":"https:\/\/www.nstyleintl.ca\/fr\/services\/soins-des-ongles\/peducure-montreal\/","url":"https:\/\/www.nstyleintl.ca\/fr\/services\/soins-des-ongles\/peducure-montreal\/","name":"Peducure Montreal Centre-Ville | NStyle Beauty Lounge","isPartOf":{"@id":"https:\/\/www.nstyleintl.ca\/fr\/#website"},"datePublished":"2014-11-01T20:12:30+00:00","dateModified":"2020-07-19T18:31:41+00:00","breadcrumb":{"@id":"https:\/\/www.nstyleintl.ca\/fr\/services\/soins-des-ongles\/peducure-montreal\/#breadcrumb"},"inLanguage":"fr-FR","potentialAction":[{"@type":"ReadAction","target":["https:\/\/www.nstyleintl.ca\/fr\/services\/soins-des-ongles\/peducure-montreal\/"]}]},{"@type":"BreadcrumbList","@id":"https:\/\/www.nstyleintl.ca\/fr\/services\/soins-des-ongles\/peducure-montreal\/#breadcrumb","itemListElement":[{"@type":"ListItem","position":1,"name":"Home","item":"https:\/\/www.nstyleintl.ca\/fr\/"},{"@type":"ListItem","position":2,"name":"Services","item":"https:\/\/www.nstyleintl.ca\/fr\/services\/"},{"@type":"ListItem","position":3,"name":"soins des ongles","item":"https:\/\/www.nstyleintl.ca\/fr\/services\/soins-des-ongles\/"},{"@type":"ListItem","position":4,"name":"PEDUCURE MONTREAL"}]},{"@type":"WebSite","@id":"https:\/\/www.nstyleintl.ca\/fr\/#website","url":"https:\/\/www.nstyleintl.ca\/fr\/","name":"NStyle Beauty Lounge","description":"Nail Salon and Spa in downtown Montreal!","publisher":{"@id":"https:\/\/www.nstyleintl.ca\/fr\/#organization"},"potentialAction":[{"@type":"SearchAction","target":{"@type":"EntryPoint","urlTemplate":"https:\/\/www.nstyleintl.ca\/fr\/?s={search_term_string}"},"query-input":{"@type":"PropertyValueSpecification","valueRequired":true,"valueName":"search_term_string"}}],"inLanguage":"fr-FR"},{"@type":"Organization","@id":"https:\/\/www.nstyleintl.ca\/fr\/#organization","name":"NStyle Beauty Lounge","url":"https:\/\/www.nstyleintl.ca\/fr\/","logo":{"@type":"ImageObject","inLanguage":"fr-FR","@id":"https:\/\/www.nstyleintl.ca\/fr\/#\/schema\/logo\/image\/","url":"https:\/\/www.nstyleintl.ca\/wp-content\/uploads\/2018\/12\/Nail-Salons-Montreal.png","contentUrl":"https:\/\/www.nstyleintl.ca\/wp-content\/uploads\/2018\/12\/Nail-Salons-Montreal.png","width":1920,"height":1119,"caption":"NStyle Beauty Lounge"},"image":{"@id":"https:\/\/www.nstyleintl.ca\/fr\/#\/schema\/logo\/image\/"},"sameAs":["https:\/\/www.facebook.com\/NStyleNailLoungeCanada","https:\/\/x.com\/nstylecanada","https:\/\/www.instagram.com\/nstylecanada\/","https:\/\/ca.linkedin.com\/company\/nstyle-nail-lounge","https:\/\/www.pinterest.ca\/nstylecanada\/","https:\/\/www.youtube.com\/channel\/UChHojyyjjqAtxDlKA75a_fQ"]}]}},"_links":{"self":[{"href":"https:\/\/www.nstyleintl.ca\/fr\/wp-json\/wp\/v2\/pages\/6269","targetHints":{"allow":["GET"]}}],"collection":[{"href":"https:\/\/www.nstyleintl.ca\/fr\/wp-json\/wp\/v2\/pages"}],"about":[{"href":"https:\/\/www.nstyleintl.ca\/fr\/wp-json\/wp\/v2\/types\/page"}],"author":[{"embeddable":true,"href":"https:\/\/www.nstyleintl.ca\/fr\/wp-json\/wp\/v2\/users\/1"}],"replies":[{"embeddable":true,"href":"https:\/\/www.nstyleintl.ca\/fr\/wp-json\/wp\/v2\/comments?post=6269"}],"version-history":[{"count":0,"href":"https:\/\/www.nstyleintl.ca\/fr\/wp-json\/wp\/v2\/pages\/6269\/revisions"}],"up":[{"embeddable":true,"href":"https:\/\/www.nstyleintl.ca\/fr\/wp-json\/wp\/v2\/pages\/6287"}],"wp:attachment":[{"href":"https:\/\/www.nstyleintl.ca\/fr\/wp-json\/wp\/v2\/media?parent=6269"}],"curies":[{"name":"wp","href":"https:\/\/api.w.org\/{rel}","templated":true}]}}